{"id":243,"date":"2023-02-23T06:25:15","date_gmt":"2023-02-23T06:25:15","guid":{"rendered":"https:\/\/www.aujardinclos.com\/?page_id=243"},"modified":"2023-03-14T07:55:50","modified_gmt":"2023-03-14T07:55:50","slug":"rgpd","status":"publish","type":"page","link":"https:\/\/levaldesir.com\/en\/rgpd","title":{"rendered":"RGPD et cookies"},"content":{"rendered":"<p><div class=\"fusion-fullwidth fullwidth-box fusion-builder-row-1 fusion-flex-container nonhundred-percent-fullwidth non-hundred-percent-height-scrolling\" style=\"background-color: rgba(255,255,255,0);background-position: center center;background-repeat: no-repeat;border-width: 0px 0px 0px 0px;border-color:#e2e2e2;border-style:solid;\" ><div class=\"fusion-builder-row fusion-row fusion-flex-align-items-flex-start\" style=\"max-width:1248px;margin-left: calc(-4% \/ 2 );margin-right: calc(-4% \/ 2 );\"><div class=\"fusion-layout-column fusion_builder_column fusion-builder-column-0 fusion_builder_column_1_1 1_1 fusion-flex-column\"><div class=\"fusion-column-wrapper fusion-flex-justify-content-flex-start fusion-content-layout-column\" style=\"background-position:left top;background-repeat:no-repeat;-webkit-background-size:cover;-moz-background-size:cover;-o-background-size:cover;background-size:cover;padding: 0px 0px 0px 0px;\"><style type=\"text\/css\">@media only screen and (max-width:1024px) {.fusion-title.fusion-title-1{margin-top:10px!important; margin-right:!important;margin-bottom:15px!important;margin-left:!important;}}@media only screen and (max-width:640px) {.fusion-title.fusion-title-1{margin-top:10px!important; margin-right:!important;margin-bottom:10px!important; margin-left:!important;}}<\/style><div class=\"fusion-title title fusion-title-1 fusion-sep-none fusion-title-center fusion-title-text fusion-title-size-one\" style=\"margin-top:10px;margin-bottom:15px;\"><h1 class=\"title-heading-center\" style=\"margin:0;\">RGPD &#8211; R\u00e8glement G\u00e9n\u00e9ral sur la Protection des Donn\u00e9es &#8211; et Cookies<\/h1><\/div><\/div><style type=\"text\/css\">.fusion-body .fusion-builder-column-0{width:100% !important;margin-top : 0px;margin-bottom : 20px;}.fusion-builder-column-0 > .fusion-column-wrapper {padding-top : 0px !important;padding-right : 0px !important;margin-right : 1.92%;padding-bottom : 0px !important;padding-left : 0px !important;margin-left : 1.92%;}@media only screen and (max-width:1024px) {.fusion-body .fusion-builder-column-0{width:100% !important;order : 0;}.fusion-builder-column-0 > .fusion-column-wrapper {margin-right : 1.92%;margin-left : 1.92%;}}@media only screen and (max-width:640px) {.fusion-body .fusion-builder-column-0{width:100% !important;order : 0;}.fusion-builder-column-0 > .fusion-column-wrapper {margin-right : 1.92%;margin-left : 1.92%;}}<\/style><\/div><\/div><style type=\"text\/css\">.fusion-body .fusion-flex-container.fusion-builder-row-1{ padding-top : 0px;margin-top : 0px;padding-right : 0px;padding-bottom : 0px;margin-bottom : 0px;padding-left : 0px;}<\/style><\/div><div class=\"fusion-fullwidth fullwidth-box fusion-builder-row-2 fusion-flex-container nonhundred-percent-fullwidth non-hundred-percent-height-scrolling\" style=\"background-color: rgba(255,255,255,0);background-position: center center;background-repeat: no-repeat;border-width: 0px 0px 0px 0px;border-color:#e2e2e2;border-style:solid;\" ><div class=\"fusion-builder-row fusion-row fusion-flex-align-items-flex-start\" style=\"max-width:1248px;margin-left: calc(-4% \/ 2 );margin-right: calc(-4% \/ 2 );\"><div class=\"fusion-layout-column fusion_builder_column fusion-builder-column-1 fusion_builder_column_1_1 1_1 fusion-flex-column\"><div class=\"fusion-column-wrapper fusion-flex-justify-content-flex-start fusion-content-layout-column\" style=\"background-position:left top;background-repeat:no-repeat;-webkit-background-size:cover;-moz-background-size:cover;-o-background-size:cover;background-size:cover;padding: 0px 0px 0px 0px;\"><div class=\"fusion-text fusion-text-1\"><p><strong>I- DIRECTIVES RGPD &#8211; R\u00e8glement G\u00e9n\u00e9ral sur la Protection des Donn\u00e9es &#8211;<br \/>\n<\/strong><strong><br \/>\n1. Quelles informations collectons-nous?<\/strong><\/p>\n<p><strong>1.1. Donn\u00e9es de formulaires<\/strong><\/p>\n<p>Le site Au Jardin Clos recueille des donn\u00e9es d\u2019entr\u00e9e de formulaires bas\u00e9es sur le consentement, qui sont stock\u00e9es en toute s\u00e9curit\u00e9 par Au Jardin Clos, ceci \u00e0 des fins de contr\u00f4le et gestion des informations, r\u00e9serv\u00e9s aux personnels de Au Jardin Clos.<\/p>\n<p>Toutes les informations collect\u00e9es via le formulaire de contact, sont r\u00e9pertori\u00e9es au sein de Au Jardin Clos dans le registre de traitement de donn\u00e9es.<\/p>\n<p>Les internautes ayant utilis\u00e9 les formulaires du site Au Jardin Clos, peuvent demander l\u2019effacement de ces informations \u00e0 tout moment, en contactant Au Jardin Clos gr\u00e2ce \u00e0 l\u2019adresse courriel : contact@aujardinclos.com<\/p>\n<p>Sur le formulaire du site Au Jardin Clos, les informations suivantes peuvent \u00eatre collect\u00e9es :<br \/>\nNom et pr\u00e9nom, email, sujet d&rsquo;int\u00e9r\u00eat (case \u00e0 cocher), message ou questions*<\/p>\n<p>*<em>Toute information personnellement identifiable fournie dans le champ \u00ab\u00a0Message ou questions\u00a0\u00bb du formulaire de contact.<\/em><\/p>\n<p>Ces donn\u00e9es sont stock\u00e9es aussi longtemps que n\u00e9cessaire. Les donn\u00e9es issues des formulaires, ne sont utilis\u00e9es \u00e0 aucune autre fin.<br \/>\nPour effacer ou modifier ces donn\u00e9es, veuillez contacter : contact@aujardinclos.com<\/p>\n<p><strong>1.2. Respect des donn\u00e9es personnelles ou RGPD<\/strong><\/p>\n<p><strong>Conna\u00eetre vos donn\u00e9es d\u2019acc\u00e8s<\/strong><br \/>\nVous pouvez \u00e0 tout moment solliciter les informations jointes \u00e0 votre adresse courriel. Pour toute demande, veuillez contacter : contact@aujardinclos.com<\/p>\n<p><strong>Rectifier vos donn\u00e9es<\/strong><br \/>\nVous pouvez \u00e0 tout moment rectifier les informations jointes \u00e0 votre adresse courriel. Pour toute demande, veuillez contacter : contact@aujardinclos.com<\/p>\n<p><strong>Effacer vos donn\u00e9es<\/strong><br \/>\nVous pouvez \u00e0 tout moment effacer les informations jointes \u00e0 votre adresse courriel. Pour toute demande, veuillez contacter :\u00a0 contact@aujardinclos.com<\/p>\n<p><strong>2. Comment nous assurons-nous que vos donn\u00e9es sont s\u00e9curis\u00e9es ?<\/strong><\/p>\n<p>Au Jardin Clos consid\u00e8re avec la plus grande vigilance la s\u00e9curit\u00e9 des donn\u00e9es personnelles et dans ce cadre, elle a pris un certain nombre de mesures pour assurer que les donn\u00e9es qu\u2019elle collecte soient prot\u00e9g\u00e9es contre tout acc\u00e8s, alt\u00e9ration, divulgation ou destruction non autoris\u00e9s.<br \/>\n\u2013 Toutes les pages du site Au Jardin Clos b\u00e9n\u00e9ficient du protocole \u00ab https \u00bb afin que les \u00e9changes soient crypt\u00e9s en utilisant SSL.<br \/>\n\u2013 Nous examinons r\u00e9guli\u00e8rement nos pratiques de collecte, de stockage et de traitement des donn\u00e9es, y compris les mesures de s\u00e9curit\u00e9 physiques et \u00e9lectroniques.<br \/>\n\u2013 Nous limitons l\u2019acc\u00e8s aux donn\u00e9es personnelles uniquement au personnel de Au Jardin Clos qui traite les informations li\u00e9es aux formulaires de contact.<br \/>\n\u2013 Tout le personnel de Au Jardin Clos est soumis \u00e0 des obligations strictes de confidentialit\u00e9 et de non-divulgation, dont la violation peut entra\u00eener des sanctions internes.<\/p>\n<p><strong>2.1. Nos sous-traitants<\/strong><br \/>\nLorsque vous utilisez les formulaires du site Au Jardin Clos, les donn\u00e9es sont transmises directement \u00e0 notre serveur d\u2019h\u00e9bergement g\u00e9r\u00e9 par l\u2019agence web Mati\u00e8re Noire (20 rue du P\u00e2tis, 89130 Toucy &#8211; France). L\u2019h\u00e9bergement du site est effectu\u00e9 sur un serveur IONOS by 1&amp;1 (7 Pl. de la Gare, 57200 Sarreguemines \u2013 France) g\u00e9r\u00e9 techniquement et administrativement par Mati\u00e8re Noire. Les responsables de l\u2019agence Mati\u00e8re Noire se sont engag\u00e9s \u00e0 ne jamais transmettre les donn\u00e9es personnelles collect\u00e9es par Au Jardin Clos, \u00e0 une tierce entit\u00e9.<\/p>\n<p><strong>2.2. Des questions concernant notre respect du RGPD ?<\/strong><br \/>\nSi vous n\u2019avez pas trouv\u00e9 r\u00e9ponse \u00e0 vos questions concernant le respect des directives du RGPD au sein du site Au Jardin Clos, veuillez nous contacter \u00e0 l\u2019adresse courriel suivante :\u00a0 contact@aujardinclos.com<\/p>\n<p><strong>Informations g\u00e9n\u00e9rales concernant le RGPD <\/strong><\/p>\n<p>Les responsables de Au Jardin Clos s\u2019efforcent de respecter les r\u00e9glementations du RGPD et vous encouragent \u00e0 faire de m\u00eame. Pour vous familiariser avec les dispositions et les modifications du RGPD, nous vous invitons \u00e0 consulter le site de la CNIL : <a href=\"https:\/\/www.cnil.fr\/\">https:\/\/www.cnil.fr<\/a><br \/>\n<strong><br \/>\nNota :<\/strong> cette page n\u2019est pas destin\u00e9e \u00e0 fournir des conseils juridiques, son unique objectif est de vous informer sur le respect de Au Jardin clos des directives du RGPD. Pour tout besoin sp\u00e9cifique vous concernant, nous vous recommandons de consulter votre propre conseiller juridique.<\/p>\n<p><strong>II. COOKIES<\/strong><\/p>\n<p><strong>1.Confidentialit\u00e9 &amp; Cookies<\/strong><\/p>\n<p>En vous connectant au site Au Jardin Clos, celui-ci est susceptible d\u2019installer un ou plusieurs cookies dans votre terminal pendant leur dur\u00e9e l\u00e9gale de validit\u00e9. Les cookies sont des donn\u00e9es stock\u00e9es dans l\u2019ordinateur, la tablette ou le smartphone d\u2019un internaute et utilis\u00e9s par le site \u00e9metteur pour envoyer des informations au navigateur de l\u2019internaute, lui permettant ainsi de renvoyer des informations au site \u00e9metteur. Conform\u00e9ment \u00e0 la l\u00e9gislation en vigueur en France, nous nous devons de vous informer de la finalit\u00e9 de ces cookies, du recueil de votre consentement pr\u00e9alable au d\u00e9p\u00f4t de ces derniers, et des moyens de vous y opposer, avant de r\u00e9aliser votre navigation sur notre site.<\/p>\n<p><strong>2.Les Cookies servent \u00e0<\/strong><\/p>\n<p>\u2013 Analyser la fr\u00e9quentation de notre site (Google Analytics).<br \/>\n\u2013 Optimiser les offres, les services et\/ou l\u2019ergonomie de notre site<br \/>\n\u2013 Conserver les informations li\u00e9es \u00e0 des formulaires de contact.<br \/>\nAucune information li\u00e9e \u00e0 des moyens de paiement n\u2019est stock\u00e9e sur notre site.<br \/>\nNous vous pr\u00e9cisons que l\u2019\u00e9mission et l\u2019utilisation de cookies par des tiers \u00e9metteurs seront soumises aux politiques de protection de la vie priv\u00e9e (RGPD) de ces tiers \u00e9metteurs.<\/p>\n<p><strong>3.Comment supprimer les cookies de votre ordinateur ou smartphone<\/strong><\/p>\n<p>Votre logiciel de navigation est configurable afin que les cookies soient enregistr\u00e9s ou non. Celui-ci peut \u00eatre param\u00e9tr\u00e9 afin que l\u2019acceptation ou le refus des cookies vous soient propos\u00e9s ponctuellement, avant qu\u2019un cookie soit susceptible d\u2019\u00eatre enregistr\u00e9.<br \/>\nToutefois, si vous refusez ou supprimez l\u2019enregistrement de cookies, vous ne pourrez plus b\u00e9n\u00e9ficier de certaines fonctionnalit\u00e9s n\u00e9cessaires \u00e0 la navigation sur certaines pages de notre Site. Le cas \u00e9ch\u00e9ant, nous d\u00e9clinons toute responsabilit\u00e9 li\u00e9e au fonctionnement d\u00e9grad\u00e9 de nos services. Concernant l\u2019enregistrement de cookies dans votre ordinateur, smartphone ou tablette, si vous l\u2019avez accept\u00e9, ils seront stock\u00e9s temporairement dans un espace d\u00e9di\u00e9 de votre terminal pendant leur dur\u00e9e de validit\u00e9 et ne seront lisibles que par leur \u00e9metteur.<\/p>\n<p><strong>3.1. Gestion des cookies au moyen du menu \u00ab\u00a0Aide\u00a0\u00bb de votre navigateur<br \/>\n<\/strong>Internet Explorer\u2122 : <a href=\"https:\/\/windows.microsoft.com\/fr-FR\/windows-vista\/Block-or-allow-cookies\">https:\/\/windows.microsoft.com\/fr-FR\/windows-vista\/Block-or-allow-cookies<\/a>,<br \/>\nSafari\u2122 : <a href=\"https:\/\/docs.info.apple.com\/article.html?path=Safari\/3.0\/fr\/9277.html\">https:\/\/docs.info.apple.com\/article.html?path=Safari\/3.0\/fr\/9277.html<\/a>,<br \/>\nOpera\u2122 : <a href=\"https:\/\/help.opera.com\/Windows\/10.20\/fr\/cookies.html\">https:\/\/help.opera.com\/Windows\/10.20\/fr\/cookies.html<\/a><br \/>\nChrome\u2122 : <a href=\"https:\/\/support.google.com\/chrome\/bin\/answer.py?hl=fr&amp;hlrm=en&amp;answer=95647\">https:\/\/support.google.com\/chrome\/bin\/answer.py?hl=fr&amp;hlrm=en&amp;answer=95647<\/a>,<br \/>\nFirefox\u2122 : <a href=\"https:\/\/support.mozilla.org\/fr\/kb\/Activer%20et%20d%C3%A9sactiver%20les%20cookies\">https:\/\/support.mozilla.org\/fr\/kb\/Activer%20et%20d%C3%A9sactiver%20les%2\u2026<\/a><\/p>\n<p><strong>3.2. Gestion des cookies sur smartphone<br \/>\n<\/strong>Sur iOS\u2122 : <a href=\"https:\/\/support.apple.com\/fr-fr\/HT201265\">https:\/\/support.apple.com\/fr-fr\/HT201265<\/a><br \/>\nSur Android\u2122 : <a href=\"https:\/\/support.google.com\/chrome\/topic\/3434352\">https:\/\/support.google.com\/chrome\/topic\/3434352<\/a><\/p>\n<p><strong>3.3. Gestion des cookies sur les r\u00e9seaux sociaux<br \/>\n<\/strong>Facebook\u2122 : <a href=\"https:\/\/www.facebook.com\/policies\/cookies\/\">https:\/\/www.facebook.com\/policies\/cookies\/<\/a><br \/>\nInstagram\u2122 :\u00a0 <a href=\"https:\/\/help.instagram.com\/1896641480634370?ref=ig\">https:\/\/help.instagram.com\/1896641480634370?ref=ig<\/a><\/p>\n<\/div><\/div><style type=\"text\/css\">.fusion-body .fusion-builder-column-1{width:100% !important;margin-top : 0px;margin-bottom : 20px;}.fusion-builder-column-1 > .fusion-column-wrapper {padding-top : 0px !important;padding-right : 0px !important;margin-right : 1.92%;padding-bottom : 0px !important;padding-left : 0px !important;margin-left : 1.92%;}@media only screen and (max-width:1024px) {.fusion-body .fusion-builder-column-1{width:100% !important;order : 0;}.fusion-builder-column-1 > .fusion-column-wrapper {margin-right : 1.92%;margin-left : 1.92%;}}@media only screen and (max-width:640px) {.fusion-body .fusion-builder-column-1{width:100% !important;order : 0;}.fusion-builder-column-1 > .fusion-column-wrapper {margin-right : 1.92%;margin-left : 1.92%;}}<\/style><\/div><\/div><style type=\"text\/css\">.fusion-body .fusion-flex-container.fusion-builder-row-2{ padding-top : 0px;margin-top : 0px;padding-right : 0px;padding-bottom : 0px;margin-bottom : 0px;padding-left : 0px;}<\/style><\/div><\/p>","protected":false},"excerpt":{"rendered":"","protected":false},"author":1,"featured_media":0,"parent":0,"menu_order":0,"comment_status":"closed","ping_status":"closed","template":"","meta":{"footnotes":""},"class_list":["post-243","page","type-page","status-publish","hentry"],"_links":{"self":[{"href":"https:\/\/levaldesir.com\/en\/wp-json\/wp\/v2\/pages\/243","targetHints":{"allow":["GET"]}}],"collection":[{"href":"https:\/\/levaldesir.com\/en\/wp-json\/wp\/v2\/pages"}],"about":[{"href":"https:\/\/levaldesir.com\/en\/wp-json\/wp\/v2\/types\/page"}],"author":[{"embeddable":true,"href":"https:\/\/levaldesir.com\/en\/wp-json\/wp\/v2\/users\/1"}],"replies":[{"embeddable":true,"href":"https:\/\/levaldesir.com\/en\/wp-json\/wp\/v2\/comments?post=243"}],"version-history":[{"count":5,"href":"https:\/\/levaldesir.com\/en\/wp-json\/wp\/v2\/pages\/243\/revisions"}],"predecessor-version":[{"id":381,"href":"https:\/\/levaldesir.com\/en\/wp-json\/wp\/v2\/pages\/243\/revisions\/381"}],"wp:attachment":[{"href":"https:\/\/levaldesir.com\/en\/wp-json\/wp\/v2\/media?parent=243"}],"curies":[{"name":"wp","href":"https:\/\/api.w.org\/{rel}","templated":true}]}}