{"id":126,"date":"2023-02-06T00:38:20","date_gmt":"2023-02-06T00:38:20","guid":{"rendered":"http:\/\/ajc.mnpreprod.com\/?page_id=126"},"modified":"2026-04-30T10:28:06","modified_gmt":"2026-04-30T10:28:06","slug":"home","status":"publish","type":"page","link":"https:\/\/levaldesir.com\/en\/","title":{"rendered":"home"},"content":{"rendered":"<p><div class=\"fusion-fullwidth fullwidth-box fusion-builder-row-1 fusion-flex-container hundred-percent-fullwidth non-hundred-percent-height-scrolling\" style=\"background-color: rgba(255,255,255,0);background-position: center center;background-repeat: no-repeat;border-width: 0px 0px 0px 0px;border-color:#e2e2e2;border-style:solid;\" ><div class=\"fusion-builder-row fusion-row fusion-flex-align-items-flex-start\" style=\"width:104% !important;max-width:104% !important;margin-left: calc(-4% \/ 2 );margin-right: calc(-4% \/ 2 );\"><div class=\"fusion-layout-column fusion_builder_column fusion-builder-column-0 fusion_builder_column_1_1 1_1 fusion-flex-column\"><div class=\"fusion-column-wrapper fusion-flex-justify-content-flex-start fusion-content-layout-column\" style=\"background-position:left top;background-repeat:no-repeat;-webkit-background-size:cover;-moz-background-size:cover;-o-background-size:cover;background-size:cover;padding: 0px 0px 0px 0px;\"><div class=\"fusion-slider-sc\"><div class=\"fusion-flexslider-loading flexslider fusion-aligncenter flexslider-hover-type-none\" data-slideshow_autoplay=\"1\" data-slideshow_smooth_height=\"0\" data-slideshow_speed=\"5000\" style=\"max-width:100%;height:100%;\"><ul class=\"slides\"><li class=\"image\"><span class=\"fusion-image-hover-element hover-type-none\"><img decoding=\"async\" src=\"https:\/\/levaldesir.com\/wp-content\/uploads\/2026\/04\/Balades-fluviales-Auxerrre-LE_VALDESIR-01.jpg\" width=\"2560\" height=\"1023\" class=\"wp-image-776\" srcset=\"https:\/\/levaldesir.com\/wp-content\/uploads\/2026\/04\/Balades-fluviales-Auxerrre-LE_VALDESIR-01-200x80.jpg 200w, https:\/\/levaldesir.com\/wp-content\/uploads\/2026\/04\/Balades-fluviales-Auxerrre-LE_VALDESIR-01-400x160.jpg 400w, https:\/\/levaldesir.com\/wp-content\/uploads\/2026\/04\/Balades-fluviales-Auxerrre-LE_VALDESIR-01-600x240.jpg 600w, https:\/\/levaldesir.com\/wp-content\/uploads\/2026\/04\/Balades-fluviales-Auxerrre-LE_VALDESIR-01-800x320.jpg 800w, https:\/\/levaldesir.com\/wp-content\/uploads\/2026\/04\/Balades-fluviales-Auxerrre-LE_VALDESIR-01-1200x480.jpg 1200w, https:\/\/levaldesir.com\/wp-content\/uploads\/2026\/04\/Balades-fluviales-Auxerrre-LE_VALDESIR-01.jpg 2560w\" sizes=\"(max-width: 640px) 100vw, 2560px\" \/><\/span><\/li><li class=\"image\"><span class=\"fusion-image-hover-element hover-type-none\"><img decoding=\"async\" src=\"https:\/\/levaldesir.com\/wp-content\/uploads\/2026\/04\/Balades-fluviales-Auxerrre-LE_VALDESIR-02.jpg\" width=\"2560\" height=\"1023\" class=\"wp-image-777\" srcset=\"https:\/\/levaldesir.com\/wp-content\/uploads\/2026\/04\/Balades-fluviales-Auxerrre-LE_VALDESIR-02-200x80.jpg 200w, https:\/\/levaldesir.com\/wp-content\/uploads\/2026\/04\/Balades-fluviales-Auxerrre-LE_VALDESIR-02-400x160.jpg 400w, https:\/\/levaldesir.com\/wp-content\/uploads\/2026\/04\/Balades-fluviales-Auxerrre-LE_VALDESIR-02-600x240.jpg 600w, https:\/\/levaldesir.com\/wp-content\/uploads\/2026\/04\/Balades-fluviales-Auxerrre-LE_VALDESIR-02-800x320.jpg 800w, https:\/\/levaldesir.com\/wp-content\/uploads\/2026\/04\/Balades-fluviales-Auxerrre-LE_VALDESIR-02-1200x480.jpg 1200w, https:\/\/levaldesir.com\/wp-content\/uploads\/2026\/04\/Balades-fluviales-Auxerrre-LE_VALDESIR-02.jpg 2560w\" sizes=\"(max-width: 640px) 100vw, 2560px\" \/><\/span><\/li><li class=\"image\"><span class=\"fusion-image-hover-element hover-type-none\"><img decoding=\"async\" src=\"https:\/\/levaldesir.com\/wp-content\/uploads\/2026\/04\/Balades-fluviales-Auxerrre-LE_VALDESIR-03.jpg\" width=\"2560\" height=\"1023\" class=\"wp-image-778\" srcset=\"https:\/\/levaldesir.com\/wp-content\/uploads\/2026\/04\/Balades-fluviales-Auxerrre-LE_VALDESIR-03-200x80.jpg 200w, https:\/\/levaldesir.com\/wp-content\/uploads\/2026\/04\/Balades-fluviales-Auxerrre-LE_VALDESIR-03-400x160.jpg 400w, https:\/\/levaldesir.com\/wp-content\/uploads\/2026\/04\/Balades-fluviales-Auxerrre-LE_VALDESIR-03-600x240.jpg 600w, https:\/\/levaldesir.com\/wp-content\/uploads\/2026\/04\/Balades-fluviales-Auxerrre-LE_VALDESIR-03-800x320.jpg 800w, https:\/\/levaldesir.com\/wp-content\/uploads\/2026\/04\/Balades-fluviales-Auxerrre-LE_VALDESIR-03-1200x480.jpg 1200w, https:\/\/levaldesir.com\/wp-content\/uploads\/2026\/04\/Balades-fluviales-Auxerrre-LE_VALDESIR-03.jpg 2560w\" sizes=\"(max-width: 640px) 100vw, 2560px\" \/><\/span><\/li><\/ul><\/div><\/div><\/div><style type=\"text\/css\">.fusion-body .fusion-builder-column-0{width:100% !important;margin-top : 0px;margin-bottom : 0px;}.fusion-builder-column-0 > .fusion-column-wrapper {padding-top : 0px !important;padding-right : 0px !important;margin-right : 0;padding-bottom : 0px !important;padding-left : 0px !important;margin-left : 0;}@media only screen and (max-width:1024px) {.fusion-body .fusion-builder-column-0{width:100% !important;order : 0;}.fusion-builder-column-0 > .fusion-column-wrapper {margin-right : 0;margin-left : 0;}}@media only screen and (max-width:640px) {.fusion-body .fusion-builder-column-0{width:100% !important;order : 0;}.fusion-builder-column-0 > .fusion-column-wrapper {margin-right : 1.92%;margin-left : 1.92%;}}<\/style><\/div><\/div><style type=\"text\/css\">.fusion-body .fusion-flex-container.fusion-builder-row-1{ padding-top : 0px;margin-top : 0px;padding-right : 0px;padding-bottom : 0px;margin-bottom : 0px;padding-left : 0px;}<\/style><\/div><div class=\"fusion-fullwidth fullwidth-box fusion-builder-row-2 fusion-flex-container nonhundred-percent-fullwidth non-hundred-percent-height-scrolling\" style=\"background-color: rgba(255,255,255,0);background-position: center center;background-repeat: no-repeat;border-width: 0px 0px 0px 0px;border-color:#e2e2e2;border-style:solid;\" ><div class=\"fusion-builder-row fusion-row fusion-flex-align-items-flex-start\" style=\"max-width:1248px;margin-left: calc(-4% \/ 2 );margin-right: calc(-4% \/ 2 );\"><div class=\"fusion-layout-column fusion_builder_column fusion-builder-column-1 fusion_builder_column_1_1 1_1 fusion-flex-column\"><div class=\"fusion-column-wrapper fusion-flex-justify-content-flex-start fusion-content-layout-column\" style=\"background-position:left top;background-repeat:no-repeat;-webkit-background-size:cover;-moz-background-size:cover;-o-background-size:cover;background-size:cover;padding: 0px 0px 0px 0px;\"><style type=\"text\/css\">@media only screen and (max-width:1024px) {.fusion-title.fusion-title-1{margin-top:10px!important; margin-right:!important;margin-bottom:30px!important;margin-left:!important;}}@media only screen and (max-width:640px) {.fusion-title.fusion-title-1{margin-top:10px!important; margin-right:!important;margin-bottom:10px!important; margin-left:!important;}}<\/style><div class=\"fusion-title title fusion-title-1 fusion-sep-none fusion-title-center fusion-title-text fusion-title-size-one\" style=\"margin-top:10px;margin-bottom:30px;\"><h1 class=\"title-heading-center\" style=\"margin:0;\"><p style=\"text-align: left;\">Balades fluviales : d\u00e9paysement et d\u00e9tente au fil de l&rsquo;eau<\/p><\/h1><\/div><div class=\"fusion-text fusion-text-1\" style=\"font-size:20px;\"><p><strong>C\u2019est avec grand plaisir que nous vous accueillons \u00e0 bord de notre bateau Le Vald\u00e9sir, sur les quais d\u2019Auxerre, pour une escapade sur l\u2019Yonne et le canal du Nivernais.<\/strong><\/p>\n<\/div><\/div><style type=\"text\/css\">.fusion-body .fusion-builder-column-1{width:100% !important;margin-top : 0px;margin-bottom : 20px;}.fusion-builder-column-1 > .fusion-column-wrapper {padding-top : 0px !important;padding-right : 0px !important;margin-right : 1.92%;padding-bottom : 0px !important;padding-left : 0px !important;margin-left : 1.92%;}@media only screen and (max-width:1024px) {.fusion-body .fusion-builder-column-1{width:100% !important;order : 0;}.fusion-builder-column-1 > .fusion-column-wrapper {margin-right : 1.92%;margin-left : 1.92%;}}@media only screen and (max-width:640px) {.fusion-body .fusion-builder-column-1{width:100% !important;order : 0;}.fusion-builder-column-1 > .fusion-column-wrapper {margin-right : 1.92%;margin-left : 1.92%;}}<\/style><\/div><\/div><style type=\"text\/css\">.fusion-body .fusion-flex-container.fusion-builder-row-2{ padding-top : 0px;margin-top : 60px;padding-right : 0px;padding-bottom : 0px;margin-bottom : 0px;padding-left : 0px;}<\/style><\/div><div class=\"fusion-fullwidth fullwidth-box fusion-builder-row-3 fusion-flex-container nonhundred-percent-fullwidth non-hundred-percent-height-scrolling\" style=\"background-color: rgba(255,255,255,0);background-position: center center;background-repeat: no-repeat;border-width: 0px 0px 0px 0px;border-color:#e2e2e2;border-style:solid;\" ><div class=\"fusion-builder-row fusion-row fusion-flex-align-items-flex-start\" style=\"max-width:1248px;margin-left: calc(-4% \/ 2 );margin-right: calc(-4% \/ 2 );\"><div class=\"fusion-layout-column fusion_builder_column fusion-builder-column-2 fusion_builder_column_1_2 1_2 fusion-flex-column\"><div class=\"fusion-column-wrapper fusion-flex-justify-content-flex-start fusion-content-layout-column\" style=\"background-position:left top;background-repeat:no-repeat;-webkit-background-size:cover;-moz-background-size:cover;-o-background-size:cover;background-size:cover;padding: 0px 0px 0px 0px;\"><div style=\"text-align:center;\"><span class=\" fusion-imageframe imageframe-none imageframe-1 hover-type-none\"><a href=\"https:\/\/levaldesir.com\/wp-content\/uploads\/2026\/03\/Croisieres-fluviales-Auxerre-LE-VALDESIR-03.jpg\" class=\"fusion-lightbox\" data-rel=\"iLightbox[850ff6f8f549815f09f]\" data-title=\"Croisi\u00e8res fluviales Auxerre &#8211; LE VALDESIR 03\" title=\"Croisi\u00e8res fluviales Auxerre &#8211; LE VALDESIR 03\"><img decoding=\"async\" width=\"1600\" height=\"900\" src=\"https:\/\/levaldesir.com\/wp-content\/uploads\/2026\/03\/Croisieres-fluviales-Auxerre-LE-VALDESIR-03.jpg\" class=\"img-responsive wp-image-635\" srcset=\"https:\/\/levaldesir.com\/wp-content\/uploads\/2026\/03\/Croisieres-fluviales-Auxerre-LE-VALDESIR-03-200x113.jpg 200w, https:\/\/levaldesir.com\/wp-content\/uploads\/2026\/03\/Croisieres-fluviales-Auxerre-LE-VALDESIR-03-400x225.jpg 400w, https:\/\/levaldesir.com\/wp-content\/uploads\/2026\/03\/Croisieres-fluviales-Auxerre-LE-VALDESIR-03-600x338.jpg 600w, https:\/\/levaldesir.com\/wp-content\/uploads\/2026\/03\/Croisieres-fluviales-Auxerre-LE-VALDESIR-03-800x450.jpg 800w, https:\/\/levaldesir.com\/wp-content\/uploads\/2026\/03\/Croisieres-fluviales-Auxerre-LE-VALDESIR-03-1200x675.jpg 1200w, https:\/\/levaldesir.com\/wp-content\/uploads\/2026\/03\/Croisieres-fluviales-Auxerre-LE-VALDESIR-03.jpg 1600w\" sizes=\"(max-width: 640px) 100vw, 600px\" \/><\/a><\/span><\/div><\/div><style type=\"text\/css\">.fusion-body .fusion-builder-column-2{width:50% !important;margin-top : 0px;margin-bottom : 20px;}.fusion-builder-column-2 > .fusion-column-wrapper {padding-top : 0px !important;padding-right : 0px !important;margin-right : 3.84%;padding-bottom : 0px !important;padding-left : 0px !important;margin-left : 3.84%;}@media only screen and (max-width:1024px) {.fusion-body .fusion-builder-column-2{width:50% !important;order : 0;}.fusion-builder-column-2 > .fusion-column-wrapper {margin-right : 3.84%;margin-left : 3.84%;}}@media only screen and (max-width:640px) {.fusion-body .fusion-builder-column-2{width:100% !important;order : 0;}.fusion-builder-column-2 > .fusion-column-wrapper {margin-right : 1.92%;margin-left : 1.92%;}}<\/style><\/div><div class=\"fusion-layout-column fusion_builder_column fusion-builder-column-3 fusion_builder_column_1_2 1_2 fusion-flex-column\"><div class=\"fusion-column-wrapper fusion-flex-justify-content-flex-start fusion-content-layout-column\" style=\"background-position:left top;background-repeat:no-repeat;-webkit-background-size:cover;-moz-background-size:cover;-o-background-size:cover;background-size:cover;padding: 0px 0px 0px 0px;\"><style type=\"text\/css\">@media only screen and (max-width:1024px) {.fusion-title.fusion-title-2{margin-top:10px!important; margin-right:!important;margin-bottom:15px!important;margin-left:!important;}}@media only screen and (max-width:640px) {.fusion-title.fusion-title-2{margin-top:10px!important; margin-right:!important;margin-bottom:10px!important; margin-left:!important;}}<\/style><div class=\"fusion-title title fusion-title-2 fusion-sep-none fusion-title-text fusion-title-size-two\" style=\"margin-top:10px;margin-bottom:15px;\"><h2 class=\"title-heading-left\" style=\"margin:0;\">Promenades sur la rivi\u00e8re et le Canal du Nivernais<\/h2><\/div><div class=\"fusion-text fusion-text-2\"><p>Nous vous proposons des promenades touristiques en bateau d\u20191 \u00e0 3 heures \u00e0 la d\u00e9couverte de paysages naturels et du patrimoine local.<br \/>\n\u00c0 bord du Vald\u00e9sir, nous vous proposons une exp\u00e9rience conviviale, entre ville et nature, rythm\u00e9e par la douceur de la navigation et le passage des \u00e9cluses.<\/p>\n<\/div><\/div><style type=\"text\/css\">.fusion-body .fusion-builder-column-3{width:50% !important;margin-top : 0px;margin-bottom : 20px;}.fusion-builder-column-3 > .fusion-column-wrapper {padding-top : 0px !important;padding-right : 0px !important;margin-right : 3.84%;padding-bottom : 0px !important;padding-left : 0px !important;margin-left : 3.84%;}@media only screen and (max-width:1024px) {.fusion-body .fusion-builder-column-3{width:50% !important;order : 0;}.fusion-builder-column-3 > .fusion-column-wrapper {margin-right : 3.84%;margin-left : 3.84%;}}@media only screen and (max-width:640px) {.fusion-body .fusion-builder-column-3{width:100% !important;order : 0;}.fusion-builder-column-3 > .fusion-column-wrapper {margin-right : 1.92%;margin-left : 1.92%;}}<\/style><\/div><\/div><style type=\"text\/css\">.fusion-body .fusion-flex-container.fusion-builder-row-3{ padding-top : 0px;margin-top : 0px;padding-right : 0px;padding-bottom : 0px;margin-bottom : 0px;padding-left : 0px;}<\/style><\/div><div class=\"fusion-fullwidth fullwidth-box fusion-builder-row-4 fusion-flex-container nonhundred-percent-fullwidth non-hundred-percent-height-scrolling\" style=\"background-color: rgba(255,255,255,0);background-position: center center;background-repeat: no-repeat;border-width: 0px 0px 0px 0px;border-color:#e2e2e2;border-style:solid;\" ><div class=\"fusion-builder-row fusion-row fusion-flex-align-items-flex-start\" style=\"max-width:1248px;margin-left: calc(-4% \/ 2 );margin-right: calc(-4% \/ 2 );\"><div class=\"fusion-layout-column fusion_builder_column fusion-builder-column-4 fusion_builder_column_1_2 1_2 fusion-flex-column\"><div class=\"fusion-column-wrapper fusion-flex-justify-content-flex-start fusion-content-layout-column\" style=\"background-position:left top;background-repeat:no-repeat;-webkit-background-size:cover;-moz-background-size:cover;-o-background-size:cover;background-size:cover;padding: 0px 0px 0px 0px;\"><style type=\"text\/css\">@media only screen and (max-width:1024px) {.fusion-title.fusion-title-3{margin-top:10px!important; margin-right:!important;margin-bottom:15px!important;margin-left:!important;}}@media only screen and (max-width:640px) {.fusion-title.fusion-title-3{margin-top:10px!important; margin-right:!important;margin-bottom:10px!important; margin-left:!important;}}<\/style><div class=\"fusion-title title fusion-title-3 fusion-sep-none fusion-title-text fusion-title-size-two\" style=\"margin-top:10px;margin-bottom:15px;\"><h2 class=\"title-heading-left\" style=\"margin:0;\">Une immersion au c\u0153ur de l\u2019un des plus beaux canaux de France<\/h2><\/div><div class=\"fusion-text fusion-text-3\"><p>Le canal du Nivernais est reconnu comme l\u2019un des plus beaux canaux de France, et figure parmi les plus attractifs, \u00e9tant le deuxi\u00e8me canal le plus fr\u00e9quent\u00e9 apr\u00e8s le canal du Midi.<br \/>\n\u00c0 l\u2019origine, le canal servait au transport du bois coup\u00e9s dans le Morvan et achemin\u00e9s jusqu\u2019\u00e0 Paris.<br \/>\nAujourd\u2019hui, il est devenu un lieu d\u00e9di\u00e9 \u00e0 la navigation de plaisance, appr\u00e9ci\u00e9 pour son calme, sa nature et son authenticit\u00e9.<br \/>\nSinueux, sauvage et plein de charme, il traverse des paysages pr\u00e9serv\u00e9s et offre une exp\u00e9rience de navigation authentique, au c\u0153ur de la Bourgogne.<\/p>\n<\/div><div style=\"text-align:left;\"><style type=\"text\/css\">.fusion-button.button-1 .fusion-button-text, .fusion-button.button-1 i {color:#ffffff;}.fusion-button.button-1 .fusion-button-icon-divider{border-color:#ffffff;}.fusion-button.button-1:hover .fusion-button-text, .fusion-button.button-1:hover i,.fusion-button.button-1:focus .fusion-button-text, .fusion-button.button-1:focus i,.fusion-button.button-1:active .fusion-button-text, .fusion-button.button-1:active{color:#ffffff;}.fusion-button.button-1:hover .fusion-button-icon-divider, .fusion-button.button-1:hover .fusion-button-icon-divider, .fusion-button.button-1:active .fusion-button-icon-divider{border-color:#ffffff;}.fusion-button.button-1:hover, .fusion-button.button-1:focus, .fusion-button.button-1:active{border-color:#ffffff;}.fusion-button.button-1 {border-color:#ffffff;border-radius:4px;}.fusion-button.button-1{background: #06300a;}.fusion-button.button-1:hover,.button-1:focus,.fusion-button.button-1:active{background: #00750b;}<\/style><a class=\"fusion-button button-flat button-large button-custom button-1 fusion-button-default-span fusion-button-default-type\" target=\"_self\" href=\"\/fr\/reservations-2\"><span class=\"fusion-button-text\">D\u00e9couvrez nos formules<\/span><\/a><\/div><\/div><style type=\"text\/css\">.fusion-body .fusion-builder-column-4{width:50% !important;margin-top : 0px;margin-bottom : 20px;}.fusion-builder-column-4 > .fusion-column-wrapper {padding-top : 0px !important;padding-right : 0px !important;margin-right : 3.84%;padding-bottom : 0px !important;padding-left : 0px !important;margin-left : 3.84%;}@media only screen and (max-width:1024px) {.fusion-body .fusion-builder-column-4{width:50% !important;order : 0;}.fusion-builder-column-4 > .fusion-column-wrapper {margin-right : 3.84%;margin-left : 3.84%;}}@media only screen and (max-width:640px) {.fusion-body .fusion-builder-column-4{width:100% !important;order : 0;}.fusion-builder-column-4 > .fusion-column-wrapper {margin-right : 1.92%;margin-left : 1.92%;}}<\/style><\/div><div class=\"fusion-layout-column fusion_builder_column fusion-builder-column-5 fusion_builder_column_1_2 1_2 fusion-flex-column\"><div class=\"fusion-column-wrapper fusion-flex-justify-content-flex-start fusion-content-layout-column\" style=\"background-position:left top;background-repeat:no-repeat;-webkit-background-size:cover;-moz-background-size:cover;-o-background-size:cover;background-size:cover;padding: 0px 0px 0px 0px;\"><div style=\"text-align:center;\"><span class=\" fusion-imageframe imageframe-none imageframe-2 hover-type-none\"><img decoding=\"async\" width=\"1600\" height=\"900\" title=\"Croisi\u00e8res fluviales Auxerre &#8211; LE VALDESIR 04\" src=\"https:\/\/levaldesir.com\/wp-content\/uploads\/2026\/03\/Croisieres-fluviales-Auxerre-LE-VALDESIR-04.jpg\" class=\"img-responsive wp-image-640\" srcset=\"https:\/\/levaldesir.com\/wp-content\/uploads\/2026\/03\/Croisieres-fluviales-Auxerre-LE-VALDESIR-04-200x113.jpg 200w, https:\/\/levaldesir.com\/wp-content\/uploads\/2026\/03\/Croisieres-fluviales-Auxerre-LE-VALDESIR-04-400x225.jpg 400w, https:\/\/levaldesir.com\/wp-content\/uploads\/2026\/03\/Croisieres-fluviales-Auxerre-LE-VALDESIR-04-600x338.jpg 600w, https:\/\/levaldesir.com\/wp-content\/uploads\/2026\/03\/Croisieres-fluviales-Auxerre-LE-VALDESIR-04-800x450.jpg 800w, https:\/\/levaldesir.com\/wp-content\/uploads\/2026\/03\/Croisieres-fluviales-Auxerre-LE-VALDESIR-04-1200x675.jpg 1200w, https:\/\/levaldesir.com\/wp-content\/uploads\/2026\/03\/Croisieres-fluviales-Auxerre-LE-VALDESIR-04.jpg 1600w\" sizes=\"(max-width: 640px) 100vw, 600px\" \/><\/span><\/div><\/div><style type=\"text\/css\">.fusion-body .fusion-builder-column-5{width:50% !important;margin-top : 0px;margin-bottom : 20px;}.fusion-builder-column-5 > .fusion-column-wrapper {padding-top : 0px !important;padding-right : 0px !important;margin-right : 3.84%;padding-bottom : 0px !important;padding-left : 0px !important;margin-left : 3.84%;}@media only screen and (max-width:1024px) {.fusion-body .fusion-builder-column-5{width:50% !important;order : 0;}.fusion-builder-column-5 > .fusion-column-wrapper {margin-right : 3.84%;margin-left : 3.84%;}}@media only screen and (max-width:640px) {.fusion-body .fusion-builder-column-5{width:100% !important;order : 0;}.fusion-builder-column-5 > .fusion-column-wrapper {margin-right : 1.92%;margin-left : 1.92%;}}<\/style><\/div><\/div><style type=\"text\/css\">.fusion-body .fusion-flex-container.fusion-builder-row-4{ padding-top : 0px;margin-top : 50px;padding-right : 0px;padding-bottom : 0px;margin-bottom : 0px;padding-left : 0px;}<\/style><\/div><\/p>\n","protected":false},"excerpt":{"rendered":"","protected":false},"author":1,"featured_media":0,"parent":0,"menu_order":0,"comment_status":"closed","ping_status":"closed","template":"100-width.php","meta":{"footnotes":""},"class_list":["post-126","page","type-page","status-publish","hentry"],"_links":{"self":[{"href":"https:\/\/levaldesir.com\/en\/wp-json\/wp\/v2\/pages\/126","targetHints":{"allow":["GET"]}}],"collection":[{"href":"https:\/\/levaldesir.com\/en\/wp-json\/wp\/v2\/pages"}],"about":[{"href":"https:\/\/levaldesir.com\/en\/wp-json\/wp\/v2\/types\/page"}],"author":[{"embeddable":true,"href":"https:\/\/levaldesir.com\/en\/wp-json\/wp\/v2\/users\/1"}],"replies":[{"embeddable":true,"href":"https:\/\/levaldesir.com\/en\/wp-json\/wp\/v2\/comments?post=126"}],"version-history":[{"count":72,"href":"https:\/\/levaldesir.com\/en\/wp-json\/wp\/v2\/pages\/126\/revisions"}],"predecessor-version":[{"id":794,"href":"https:\/\/levaldesir.com\/en\/wp-json\/wp\/v2\/pages\/126\/revisions\/794"}],"wp:attachment":[{"href":"https:\/\/levaldesir.com\/en\/wp-json\/wp\/v2\/media?parent=126"}],"curies":[{"name":"wp","href":"https:\/\/api.w.org\/{rel}","templated":true}]}}